{"id":57,"date":"2024-07-04T16:33:10","date_gmt":"2024-07-04T16:33:10","guid":{"rendered":"https:\/\/nlautogroup.es\/?page_id=57"},"modified":"2024-07-09T16:42:00","modified_gmt":"2024-07-09T16:42:00","slug":"politica-de-privacidad","status":"publish","type":"page","link":"https:\/\/nlautogroup.es\/ru\/politica-de-privacidad\/","title":{"rendered":"Pol\u00edtica de privacidad"},"content":{"rendered":"<div data-elementor-type=\"wp-page\" data-elementor-id=\"57\" class=\"elementor elementor-57\" data-elementor-post-type=\"page\">\n\t\t\t\t<div class=\"elementor-element elementor-element-a1b30b1 e-flex e-con-boxed e-con e-parent\" data-id=\"a1b30b1\" data-element_type=\"container\" data-e-type=\"container\">\n\t\t\t\t\t<div class=\"e-con-inner\">\n\t\t\t\t<div class=\"elementor-element elementor-element-890b5f6 elementor-widget elementor-widget-heading\" data-id=\"890b5f6\" data-element_type=\"widget\" data-e-type=\"widget\" data-widget_type=\"heading.default\">\n\t\t\t\t<div class=\"elementor-widget-container\">\n\t\t\t\t\t<h1 class=\"elementor-heading-title elementor-size-default\">Pol\u00edtica de privacidad<\/h1>\t\t\t\t<\/div>\n\t\t\t\t<\/div>\n\t\t\t\t<div class=\"elementor-element elementor-element-a9e0410 elementor-widget elementor-widget-heading\" data-id=\"a9e0410\" data-element_type=\"widget\" data-e-type=\"widget\" data-widget_type=\"heading.default\">\n\t\t\t\t<div class=\"elementor-widget-container\">\n\t\t\t\t\t<h2 class=\"elementor-heading-title elementor-size-default\">1. Identificaci\u00f3n del Responsable del Sitio Web<\/h2>\t\t\t\t<\/div>\n\t\t\t\t<\/div>\n\t\t\t\t<div class=\"elementor-element elementor-element-0412624 elementor-widget elementor-widget-text-editor\" data-id=\"0412624\" data-element_type=\"widget\" data-e-type=\"widget\" data-widget_type=\"text-editor.default\">\n\t\t\t\t<div class=\"elementor-widget-container\">\n\t\t\t\t\t\t\t\t\t<p>Nombre del titular: aa<br \/>Nombre comercial: aa<br \/>VAT \/ N\u00famero de identificaci\u00f3n fiscal (NIF): aa<br \/>Domicilio social: aa<br \/>Email: iaa<br \/>Tel\u00e9fono: aaa<\/p>\t\t\t\t\t\t\t\t<\/div>\n\t\t\t\t<\/div>\n\t\t\t\t<div class=\"elementor-element elementor-element-82ddf85 elementor-widget elementor-widget-heading\" data-id=\"82ddf85\" data-element_type=\"widget\" data-e-type=\"widget\" data-widget_type=\"heading.default\">\n\t\t\t\t<div class=\"elementor-widget-container\">\n\t\t\t\t\t<h2 class=\"elementor-heading-title elementor-size-default\">2. Condiciones de Uso del Sitio Web\n<\/h2>\t\t\t\t<\/div>\n\t\t\t\t<\/div>\n\t\t\t\t<div class=\"elementor-element elementor-element-7e1093f elementor-widget elementor-widget-text-editor\" data-id=\"7e1093f\" data-element_type=\"widget\" data-e-type=\"widget\" data-widget_type=\"text-editor.default\">\n\t\t\t\t<div class=\"elementor-widget-container\">\n\t\t\t\t\t\t\t\t\t<p>El acceso y uso del sitio web de ***AAAA implica la aceptaci\u00f3n de las presentes condiciones de uso:<\/p><p>Responsabilidad del Usuario: El usuario se compromete a hacer un uso adecuado de los contenidos y servicios que ofrece ***AAAA, evitando actividades il\u00edcitas, contrarias a la buena fe y al orden p\u00fablico, y respetando los derechos de terceros.<br \/>Uso Correcto del Sitio Web: Queda prohibido el uso del sitio web con fines lesivos de bienes o intereses de ***AAAA o de terceros, o que de cualquier otra forma sobrecarguen, da\u00f1en o inutilicen las redes, servidores y dem\u00e1s equipos inform\u00e1ticos (hardware) o productos y aplicaciones inform\u00e1ticas (software) de ***AAAA o de terceros.<\/p>\t\t\t\t\t\t\t\t<\/div>\n\t\t\t\t<\/div>\n\t\t\t\t\t<\/div>\n\t\t\t\t<\/div>\n\t\t\t\t<\/div>","protected":false},"excerpt":{"rendered":"<p>Pol\u00edtica de privacidad 1. Identificaci\u00f3n del Responsable del Sitio Web Nombre del titular: aaNombre comercial: aaVAT \/ N\u00famero de identificaci\u00f3n fiscal (NIF): aaDomicilio social: aaEmail: iaaTel\u00e9fono: aaa 2. Condiciones de Uso del Sitio Web El acceso y uso del sitio web de ***AAAA implica la aceptaci\u00f3n de las presentes condiciones de uso: Responsabilidad del Usuario: [&hellip;]<\/p>\n","protected":false},"author":1,"featured_media":0,"parent":0,"menu_order":0,"comment_status":"closed","ping_status":"closed","template":"","meta":{"_acf_changed":false,"footnotes":""},"class_list":["post-57","page","type-page","status-publish","hentry"],"acf":[],"_links":{"self":[{"href":"https:\/\/nlautogroup.es\/ru\/wp-json\/wp\/v2\/pages\/57","targetHints":{"allow":["GET"]}}],"collection":[{"href":"https:\/\/nlautogroup.es\/ru\/wp-json\/wp\/v2\/pages"}],"about":[{"href":"https:\/\/nlautogroup.es\/ru\/wp-json\/wp\/v2\/types\/page"}],"author":[{"embeddable":true,"href":"https:\/\/nlautogroup.es\/ru\/wp-json\/wp\/v2\/users\/1"}],"replies":[{"embeddable":true,"href":"https:\/\/nlautogroup.es\/ru\/wp-json\/wp\/v2\/comments?post=57"}],"version-history":[{"count":4,"href":"https:\/\/nlautogroup.es\/ru\/wp-json\/wp\/v2\/pages\/57\/revisions"}],"predecessor-version":[{"id":372,"href":"https:\/\/nlautogroup.es\/ru\/wp-json\/wp\/v2\/pages\/57\/revisions\/372"}],"wp:attachment":[{"href":"https:\/\/nlautogroup.es\/ru\/wp-json\/wp\/v2\/media?parent=57"}],"curies":[{"name":"wp","href":"https:\/\/api.w.org\/{rel}","templated":true}]}}