{"id":4046,"date":"2026-05-05T12:59:17","date_gmt":"2026-05-05T12:59:17","guid":{"rendered":"https:\/\/nlautogroup.es\/?page_id=4046"},"modified":"2026-05-05T21:20:42","modified_gmt":"2026-05-05T21:20:42","slug":"auto-spa","status":"publish","type":"page","link":"https:\/\/nlautogroup.es\/en\/auto-spa\/","title":{"rendered":"Auto Spa"},"content":{"rendered":"<div data-elementor-type=\"wp-page\" data-elementor-id=\"4046\" class=\"elementor elementor-4046\" data-elementor-post-type=\"page\">\n\t\t\t\t<div class=\"elementor-element elementor-element-eb0c154 e-flex e-con-boxed e-con e-parent\" data-id=\"eb0c154\" data-element_type=\"container\" data-e-type=\"container\" data-settings=\"{&quot;background_background&quot;:&quot;video&quot;,&quot;background_video_link&quot;:&quot;\\\/wp-content\\\/uploads\\\/2026\\\/05\\\/0505.mp4&quot;,&quot;background_play_on_mobile&quot;:&quot;yes&quot;}\">\n\t\t\t\t\t<div class=\"e-con-inner\">\n\t\t<div class=\"elementor-background-video-container\">\n\t\t\t\t\t\t\t<video class=\"elementor-background-video-hosted\" role=\"presentation\" autoplay muted playsinline loop><\/video>\n\t\t\t\t\t<\/div>\t\t<div class=\"elementor-element elementor-element-caf4b98 elementor-widget elementor-widget-heading\" data-id=\"caf4b98\" data-element_type=\"widget\" data-e-type=\"widget\" data-widget_type=\"heading.default\">\n\t\t\t\t<div class=\"elementor-widget-container\">\n\t\t\t\t\t<h2 class=\"elementor-heading-title elementor-size-default\">Auto Spa<\/h2>\t\t\t\t<\/div>\n\t\t\t\t<\/div>\n\t\t\t\t<div class=\"elementor-element elementor-element-86ebeb5 elementor-widget elementor-widget-text-editor\" data-id=\"86ebeb5\" data-element_type=\"widget\" data-e-type=\"widget\" data-widget_type=\"text-editor.default\">\n\t\t\t\t<div class=\"elementor-widget-container\">\n\t\t\t\t\t\t\t\t\t<p>Paquete completo de detailing interior, exterior y compartimento del motor \u2013 200 \u20ac:<br \/>Limpieza y detallado interior profundo profesional, incluyendo tratamiento con ozono.<br \/>Lavado exterior profesional incluido. Incluye limpieza de llantas y ruedas.<br \/>Limpieza profesional del motor.<br \/>El coche quedar\u00e1 como nuevo.<br \/>Correcci\u00f3n de pintura y pulido \u2013 desde 300 \u20ac<br \/>Recubrimiento cer\u00e1mico \u2013 desde 350 \u20ac<br \/>Incluye certificaci\u00f3n con una durabilidad m\u00ednima de 3 a\u00f1os.<\/p><p>Solo con cita previa<br \/>Env\u00eda un mensaje para concertar una cita: +34 614 031 549<\/p><p>Si necesitas m\u00e1s informaci\u00f3n, no dudes en contactarme.<br \/>No es necesario reservar online, simplemente env\u00eda un mensaje al n\u00famero de tel\u00e9fono.<br \/>Si puedes a\u00f1adir algunas fotos atractivas, mejor.<\/p>\t\t\t\t\t\t\t\t<\/div>\n\t\t\t\t<\/div>\n\t\t\t\t\t<\/div>\n\t\t\t\t<\/div>\n\t\t\t\t<\/div>","protected":false},"excerpt":{"rendered":"<p>Auto Spa Paquete completo de detailing interior, exterior y compartimento del motor \u2013 200 \u20ac:Limpieza y detallado interior profundo profesional, incluyendo tratamiento con ozono.Lavado exterior profesional incluido. Incluye limpieza de llantas y ruedas.Limpieza profesional del motor.El coche quedar\u00e1 como nuevo.Correcci\u00f3n de pintura y pulido \u2013 desde 300 \u20acRecubrimiento cer\u00e1mico \u2013 desde 350 \u20acIncluye certificaci\u00f3n con [&hellip;]<\/p>\n","protected":false},"author":1,"featured_media":0,"parent":0,"menu_order":0,"comment_status":"closed","ping_status":"closed","template":"","meta":{"_acf_changed":false,"footnotes":""},"class_list":["post-4046","page","type-page","status-publish","hentry"],"acf":[],"_links":{"self":[{"href":"https:\/\/nlautogroup.es\/en\/wp-json\/wp\/v2\/pages\/4046","targetHints":{"allow":["GET"]}}],"collection":[{"href":"https:\/\/nlautogroup.es\/en\/wp-json\/wp\/v2\/pages"}],"about":[{"href":"https:\/\/nlautogroup.es\/en\/wp-json\/wp\/v2\/types\/page"}],"author":[{"embeddable":true,"href":"https:\/\/nlautogroup.es\/en\/wp-json\/wp\/v2\/users\/1"}],"replies":[{"embeddable":true,"href":"https:\/\/nlautogroup.es\/en\/wp-json\/wp\/v2\/comments?post=4046"}],"version-history":[{"count":39,"href":"https:\/\/nlautogroup.es\/en\/wp-json\/wp\/v2\/pages\/4046\/revisions"}],"predecessor-version":[{"id":4095,"href":"https:\/\/nlautogroup.es\/en\/wp-json\/wp\/v2\/pages\/4046\/revisions\/4095"}],"wp:attachment":[{"href":"https:\/\/nlautogroup.es\/en\/wp-json\/wp\/v2\/media?parent=4046"}],"curies":[{"name":"wp","href":"https:\/\/api.w.org\/{rel}","templated":true}]}}